{"id":1975,"date":"2024-08-08T21:38:50","date_gmt":"2024-08-08T21:38:50","guid":{"rendered":"https:\/\/c2skykitecenter.com\/spot-vi\/"},"modified":"2024-09-20T04:45:57","modified_gmt":"2024-09-20T04:45:57","slug":"c2sky-kitecenter-mui-ne-vietnam-2","status":"publish","type":"page","link":"https:\/\/c2skykitecenter.com\/vi\/c2sky-kitecenter-mui-ne-vietnam-2\/","title":{"rendered":"Khu L\u01b0\u1edbt Di\u1ec1u(vi)"},"content":{"rendered":"<div id=\"cs-content\" class=\"cs-content\"><\/div>\n","protected":false},"excerpt":{"rendered":"<p>Mui Ne Bay \u0110i\u1ec1u ki\u1ec7n Kite &amp; Wing t\u1ea1i V\u1ecbnh M\u0169i N&eacute; M\u0169i N\u00e9 l\u00e0 \u0111i\u1ec3m \u0111\u1ebfn quanh n\u0103m cho &#8230; <\/p>\n<div><a href=\"https:\/\/c2skykitecenter.com\/vi\/c2sky-kitecenter-mui-ne-vietnam-2\/\" class=\"more-link\">Read More<\/a><\/div>\n","protected":false},"author":2,"featured_media":684,"parent":0,"menu_order":0,"comment_status":"closed","ping_status":"closed","template":"template-blank-4.php","meta":{"footnotes":""},"class_list":["post-1975","page","type-page","status-publish","has-post-thumbnail","hentry"],"yoast_head":"<!-- This site is optimized with the Yoast SEO plugin v27.2 - https:\/\/yoast.com\/product\/yoast-seo-wordpress\/ -->\n<title>Khu L\u01b0\u1edbt Di\u1ec1u(vi) - C2Sky Kitesurfing School &amp; Rentals - Mui Ne, Vietnam<\/title>\n<meta name=\"robots\" content=\"index, follow, max-snippet:-1, max-image-preview:large, max-video-preview:-1\" \/>\n<link rel=\"canonical\" href=\"https:\/\/c2skykitecenter.com\/vi\/c2sky-kitecenter-mui-ne-vietnam-2\/\" \/>\n<meta property=\"og:locale\" content=\"vi_VN\" \/>\n<meta property=\"og:type\" content=\"article\" \/>\n<meta property=\"og:title\" content=\"Khu L\u01b0\u1edbt Di\u1ec1u(vi) - C2Sky Kitesurfing School &amp; Rentals - Mui Ne, Vietnam\" \/>\n<meta property=\"og:description\" content=\"Mui Ne Bay \u0110i\u1ec1u ki\u1ec7n Kite &amp; Wing t\u1ea1i V\u1ecbnh M\u0169i N&eacute; M\u0169i N\u00e9 l\u00e0 \u0111i\u1ec3m \u0111\u1ebfn quanh n\u0103m cho ... Read More\" \/>\n<meta property=\"og:url\" content=\"https:\/\/c2skykitecenter.com\/vi\/c2sky-kitecenter-mui-ne-vietnam-2\/\" \/>\n<meta property=\"og:site_name\" content=\"C2Sky Kitesurfing School &amp; Rentals - Mui Ne, Vietnam\" \/>\n<meta property=\"article:publisher\" content=\"https:\/\/www.facebook.com\/C2Sky.KiteCenter\/\" \/>\n<meta property=\"article:modified_time\" content=\"2024-09-20T04:45:57+00:00\" \/>\n<meta property=\"og:image\" content=\"https:\/\/c2skykitecenter.com\/wp-content\/uploads\/2024\/08\/IMG_8183-scaled.jpg\" \/>\n\t<meta property=\"og:image:width\" content=\"2560\" \/>\n\t<meta property=\"og:image:height\" content=\"1707\" \/>\n\t<meta property=\"og:image:type\" content=\"image\/jpeg\" \/>\n<meta name=\"twitter:card\" content=\"summary_large_image\" \/>\n<meta name=\"twitter:label1\" content=\"Est. reading time\" \/>\n\t<meta name=\"twitter:data1\" content=\"4 minutes\" \/>\n<script type=\"application\/ld+json\" class=\"yoast-schema-graph\">{\"@context\":\"https:\/\/schema.org\",\"@graph\":[{\"@type\":\"WebPage\",\"@id\":\"https:\/\/c2skykitecenter.com\/vi\/c2sky-kitecenter-mui-ne-vietnam-2\/\",\"url\":\"https:\/\/c2skykitecenter.com\/vi\/c2sky-kitecenter-mui-ne-vietnam-2\/\",\"name\":\"Khu L\u01b0\u1edbt Di\u1ec1u(vi) - C2Sky Kitesurfing School &amp; Rentals - Mui Ne, Vietnam\",\"isPartOf\":{\"@id\":\"https:\/\/c2skykitecenter.com\/vi\/#website\"},\"primaryImageOfPage\":{\"@id\":\"https:\/\/c2skykitecenter.com\/vi\/c2sky-kitecenter-mui-ne-vietnam-2\/#primaryimage\"},\"image\":{\"@id\":\"https:\/\/c2skykitecenter.com\/vi\/c2sky-kitecenter-mui-ne-vietnam-2\/#primaryimage\"},\"thumbnailUrl\":\"https:\/\/c2skykitecenter.com\/wp-content\/uploads\/2024\/08\/IMG_8183-scaled.jpg\",\"datePublished\":\"2024-08-08T21:38:50+00:00\",\"dateModified\":\"2024-09-20T04:45:57+00:00\",\"breadcrumb\":{\"@id\":\"https:\/\/c2skykitecenter.com\/vi\/c2sky-kitecenter-mui-ne-vietnam-2\/#breadcrumb\"},\"inLanguage\":\"vi-VN\",\"potentialAction\":[{\"@type\":\"ReadAction\",\"target\":[\"https:\/\/c2skykitecenter.com\/vi\/c2sky-kitecenter-mui-ne-vietnam-2\/\"]}]},{\"@type\":\"ImageObject\",\"inLanguage\":\"vi-VN\",\"@id\":\"https:\/\/c2skykitecenter.com\/vi\/c2sky-kitecenter-mui-ne-vietnam-2\/#primaryimage\",\"url\":\"https:\/\/c2skykitecenter.com\/wp-content\/uploads\/2024\/08\/IMG_8183-scaled.jpg\",\"contentUrl\":\"https:\/\/c2skykitecenter.com\/wp-content\/uploads\/2024\/08\/IMG_8183-scaled.jpg\",\"width\":2560,\"height\":1707},{\"@type\":\"BreadcrumbList\",\"@id\":\"https:\/\/c2skykitecenter.com\/vi\/c2sky-kitecenter-mui-ne-vietnam-2\/#breadcrumb\",\"itemListElement\":[{\"@type\":\"ListItem\",\"position\":1,\"name\":\"Home\",\"item\":\"https:\/\/c2skykitecenter.com\/vi\/home-vi\/\"},{\"@type\":\"ListItem\",\"position\":2,\"name\":\"Khu L\u01b0\u1edbt Di\u1ec1u(vi)\"}]},{\"@type\":\"WebSite\",\"@id\":\"https:\/\/c2skykitecenter.com\/vi\/#website\",\"url\":\"https:\/\/c2skykitecenter.com\/vi\/\",\"name\":\"C2Sky Kitesurfing School & Rentals - Mui Ne, Vietnam\",\"description\":\"Discover C2Sky Kiteschool in Mui Ne, Vietnam, offering expert kitesurfing lessons, equipment rentals, and storage. Enjoy our comprehensive services, including airport transfers and local tours. Perfect for beginners and advanced kitesurfers\",\"publisher\":{\"@id\":\"https:\/\/c2skykitecenter.com\/vi\/#organization\"},\"potentialAction\":[{\"@type\":\"SearchAction\",\"target\":{\"@type\":\"EntryPoint\",\"urlTemplate\":\"https:\/\/c2skykitecenter.com\/vi\/?s={search_term_string}\"},\"query-input\":{\"@type\":\"PropertyValueSpecification\",\"valueRequired\":true,\"valueName\":\"search_term_string\"}}],\"inLanguage\":\"vi-VN\"},{\"@type\":\"Organization\",\"@id\":\"https:\/\/c2skykitecenter.com\/vi\/#organization\",\"name\":\"C2Sky Kitesurfing School & Rentals - Mui Ne, Vietnam\",\"url\":\"https:\/\/c2skykitecenter.com\/vi\/\",\"logo\":{\"@type\":\"ImageObject\",\"inLanguage\":\"vi-VN\",\"@id\":\"https:\/\/c2skykitecenter.com\/vi\/#\/schema\/logo\/image\/\",\"url\":\"https:\/\/c2skykitecenter.com\/wp-content\/uploads\/2024\/08\/c2sky-logo-01-ret-4h.png\",\"contentUrl\":\"https:\/\/c2skykitecenter.com\/wp-content\/uploads\/2024\/08\/c2sky-logo-01-ret-4h.png\",\"width\":310,\"height\":112,\"caption\":\"C2Sky Kitesurfing School & Rentals - Mui Ne, Vietnam\"},\"image\":{\"@id\":\"https:\/\/c2skykitecenter.com\/vi\/#\/schema\/logo\/image\/\"},\"sameAs\":[\"https:\/\/www.facebook.com\/C2Sky.KiteCenter\/\",\"https:\/\/www.instagram.com\/kitesurf.c2sky\/\"]}]}<\/script>\n<!-- \/ Yoast SEO plugin. -->","yoast_head_json":{"title":"Khu L\u01b0\u1edbt Di\u1ec1u(vi) - C2Sky Kitesurfing School &amp; Rentals - Mui Ne, Vietnam","robots":{"index":"index","follow":"follow","max-snippet":"max-snippet:-1","max-image-preview":"max-image-preview:large","max-video-preview":"max-video-preview:-1"},"canonical":"https:\/\/c2skykitecenter.com\/vi\/c2sky-kitecenter-mui-ne-vietnam-2\/","og_locale":"vi_VN","og_type":"article","og_title":"Khu L\u01b0\u1edbt Di\u1ec1u(vi) - C2Sky Kitesurfing School &amp; Rentals - Mui Ne, Vietnam","og_description":"Mui Ne Bay \u0110i\u1ec1u ki\u1ec7n Kite &amp; Wing t\u1ea1i V\u1ecbnh M\u0169i N&eacute; M\u0169i N\u00e9 l\u00e0 \u0111i\u1ec3m \u0111\u1ebfn quanh n\u0103m cho ... Read More","og_url":"https:\/\/c2skykitecenter.com\/vi\/c2sky-kitecenter-mui-ne-vietnam-2\/","og_site_name":"C2Sky Kitesurfing School &amp; Rentals - Mui Ne, Vietnam","article_publisher":"https:\/\/www.facebook.com\/C2Sky.KiteCenter\/","article_modified_time":"2024-09-20T04:45:57+00:00","og_image":[{"width":2560,"height":1707,"url":"https:\/\/c2skykitecenter.com\/wp-content\/uploads\/2024\/08\/IMG_8183-scaled.jpg","type":"image\/jpeg"}],"twitter_card":"summary_large_image","twitter_misc":{"Est. reading time":"4 minutes"},"schema":{"@context":"https:\/\/schema.org","@graph":[{"@type":"WebPage","@id":"https:\/\/c2skykitecenter.com\/vi\/c2sky-kitecenter-mui-ne-vietnam-2\/","url":"https:\/\/c2skykitecenter.com\/vi\/c2sky-kitecenter-mui-ne-vietnam-2\/","name":"Khu L\u01b0\u1edbt Di\u1ec1u(vi) - C2Sky Kitesurfing School &amp; Rentals - Mui Ne, Vietnam","isPartOf":{"@id":"https:\/\/c2skykitecenter.com\/vi\/#website"},"primaryImageOfPage":{"@id":"https:\/\/c2skykitecenter.com\/vi\/c2sky-kitecenter-mui-ne-vietnam-2\/#primaryimage"},"image":{"@id":"https:\/\/c2skykitecenter.com\/vi\/c2sky-kitecenter-mui-ne-vietnam-2\/#primaryimage"},"thumbnailUrl":"https:\/\/c2skykitecenter.com\/wp-content\/uploads\/2024\/08\/IMG_8183-scaled.jpg","datePublished":"2024-08-08T21:38:50+00:00","dateModified":"2024-09-20T04:45:57+00:00","breadcrumb":{"@id":"https:\/\/c2skykitecenter.com\/vi\/c2sky-kitecenter-mui-ne-vietnam-2\/#breadcrumb"},"inLanguage":"vi-VN","potentialAction":[{"@type":"ReadAction","target":["https:\/\/c2skykitecenter.com\/vi\/c2sky-kitecenter-mui-ne-vietnam-2\/"]}]},{"@type":"ImageObject","inLanguage":"vi-VN","@id":"https:\/\/c2skykitecenter.com\/vi\/c2sky-kitecenter-mui-ne-vietnam-2\/#primaryimage","url":"https:\/\/c2skykitecenter.com\/wp-content\/uploads\/2024\/08\/IMG_8183-scaled.jpg","contentUrl":"https:\/\/c2skykitecenter.com\/wp-content\/uploads\/2024\/08\/IMG_8183-scaled.jpg","width":2560,"height":1707},{"@type":"BreadcrumbList","@id":"https:\/\/c2skykitecenter.com\/vi\/c2sky-kitecenter-mui-ne-vietnam-2\/#breadcrumb","itemListElement":[{"@type":"ListItem","position":1,"name":"Home","item":"https:\/\/c2skykitecenter.com\/vi\/home-vi\/"},{"@type":"ListItem","position":2,"name":"Khu L\u01b0\u1edbt Di\u1ec1u(vi)"}]},{"@type":"WebSite","@id":"https:\/\/c2skykitecenter.com\/vi\/#website","url":"https:\/\/c2skykitecenter.com\/vi\/","name":"C2Sky Kitesurfing School & Rentals - Mui Ne, Vietnam","description":"Discover C2Sky Kiteschool in Mui Ne, Vietnam, offering expert kitesurfing lessons, equipment rentals, and storage. Enjoy our comprehensive services, including airport transfers and local tours. Perfect for beginners and advanced kitesurfers","publisher":{"@id":"https:\/\/c2skykitecenter.com\/vi\/#organization"},"potentialAction":[{"@type":"SearchAction","target":{"@type":"EntryPoint","urlTemplate":"https:\/\/c2skykitecenter.com\/vi\/?s={search_term_string}"},"query-input":{"@type":"PropertyValueSpecification","valueRequired":true,"valueName":"search_term_string"}}],"inLanguage":"vi-VN"},{"@type":"Organization","@id":"https:\/\/c2skykitecenter.com\/vi\/#organization","name":"C2Sky Kitesurfing School & Rentals - Mui Ne, Vietnam","url":"https:\/\/c2skykitecenter.com\/vi\/","logo":{"@type":"ImageObject","inLanguage":"vi-VN","@id":"https:\/\/c2skykitecenter.com\/vi\/#\/schema\/logo\/image\/","url":"https:\/\/c2skykitecenter.com\/wp-content\/uploads\/2024\/08\/c2sky-logo-01-ret-4h.png","contentUrl":"https:\/\/c2skykitecenter.com\/wp-content\/uploads\/2024\/08\/c2sky-logo-01-ret-4h.png","width":310,"height":112,"caption":"C2Sky Kitesurfing School & Rentals - Mui Ne, Vietnam"},"image":{"@id":"https:\/\/c2skykitecenter.com\/vi\/#\/schema\/logo\/image\/"},"sameAs":["https:\/\/www.facebook.com\/C2Sky.KiteCenter\/","https:\/\/www.instagram.com\/kitesurf.c2sky\/"]}]}},"_links":{"self":[{"href":"https:\/\/c2skykitecenter.com\/vi\/wp-json\/wp\/v2\/pages\/1975","targetHints":{"allow":["GET"]}}],"collection":[{"href":"https:\/\/c2skykitecenter.com\/vi\/wp-json\/wp\/v2\/pages"}],"about":[{"href":"https:\/\/c2skykitecenter.com\/vi\/wp-json\/wp\/v2\/types\/page"}],"author":[{"embeddable":true,"href":"https:\/\/c2skykitecenter.com\/vi\/wp-json\/wp\/v2\/users\/2"}],"replies":[{"embeddable":true,"href":"https:\/\/c2skykitecenter.com\/vi\/wp-json\/wp\/v2\/comments?post=1975"}],"version-history":[{"count":0,"href":"https:\/\/c2skykitecenter.com\/vi\/wp-json\/wp\/v2\/pages\/1975\/revisions"}],"wp:featuredmedia":[{"embeddable":true,"href":"https:\/\/c2skykitecenter.com\/vi\/wp-json\/wp\/v2\/media\/684"}],"wp:attachment":[{"href":"https:\/\/c2skykitecenter.com\/vi\/wp-json\/wp\/v2\/media?parent=1975"}],"curies":[{"name":"wp","href":"https:\/\/api.w.org\/{rel}","templated":true}]}}