{"id":1650,"date":"2024-08-06T12:58:27","date_gmt":"2024-08-06T12:58:27","guid":{"rendered":"https:\/\/c2skykitecenter.com\/airport-transfer-vietnamese\/"},"modified":"2024-09-21T00:50:05","modified_gmt":"2024-09-21T00:50:05","slug":"vietnam-airport-transfer-2","status":"publish","type":"page","link":"https:\/\/c2skykitecenter.com\/vi\/vietnam-airport-transfer-2\/","title":{"rendered":"D\u1ecbch V\u1ee5 \u0110\u01b0a \u0110\u00f3n S\u00e2n Bay (Vietnamese)"},"content":{"rendered":"<div id=\"cs-content\" class=\"cs-content\"><\/div>\n","protected":false},"excerpt":{"rendered":"<p>D\u1ecbch V\u1ee5 \u0110\u01b0a \u0110\u00f3n S\u00e2n Bay D\u1ecbch V\u1ee5 \u0110\u01b0a \u0110&oacute;n S&acirc;n Bay CHUY\u1ebeN \u0110I M\u1ed8T CHI\u1ec0U $85\u00a0 H\u1ed2 CH\u00cd MINH &#8230; <\/p>\n<div><a href=\"https:\/\/c2skykitecenter.com\/vi\/vietnam-airport-transfer-2\/\" class=\"more-link\">Read More<\/a><\/div>\n","protected":false},"author":2,"featured_media":0,"parent":0,"menu_order":0,"comment_status":"closed","ping_status":"closed","template":"template-blank-4.php","meta":{"footnotes":""},"class_list":["post-1650","page","type-page","status-publish","hentry","no-post-thumbnail"],"yoast_head":"<!-- This site is optimized with the Yoast SEO plugin v27.2 - https:\/\/yoast.com\/product\/yoast-seo-wordpress\/ -->\n<title>D\u1ecbch V\u1ee5 \u0110\u01b0a \u0110\u00f3n S\u00e2n Bay (Vietnamese) - C2Sky Kitesurfing School &amp; Rentals - Mui Ne, Vietnam<\/title>\n<meta name=\"robots\" content=\"index, follow, max-snippet:-1, max-image-preview:large, max-video-preview:-1\" \/>\n<link rel=\"canonical\" href=\"https:\/\/c2skykitecenter.com\/vi\/vietnam-airport-transfer-2\/\" \/>\n<meta property=\"og:locale\" content=\"vi_VN\" \/>\n<meta property=\"og:type\" content=\"article\" \/>\n<meta property=\"og:title\" content=\"D\u1ecbch V\u1ee5 \u0110\u01b0a \u0110\u00f3n S\u00e2n Bay (Vietnamese) - C2Sky Kitesurfing School &amp; Rentals - Mui Ne, Vietnam\" \/>\n<meta property=\"og:description\" content=\"D\u1ecbch V\u1ee5 \u0110\u01b0a \u0110\u00f3n S\u00e2n Bay D\u1ecbch V\u1ee5 \u0110\u01b0a \u0110&oacute;n S&acirc;n Bay CHUY\u1ebeN \u0110I M\u1ed8T CHI\u1ec0U $85\u00a0 H\u1ed2 CH\u00cd MINH ... Read More\" \/>\n<meta property=\"og:url\" content=\"https:\/\/c2skykitecenter.com\/vi\/vietnam-airport-transfer-2\/\" \/>\n<meta property=\"og:site_name\" content=\"C2Sky Kitesurfing School &amp; Rentals - Mui Ne, Vietnam\" \/>\n<meta property=\"article:publisher\" content=\"https:\/\/www.facebook.com\/C2Sky.KiteCenter\/\" \/>\n<meta property=\"article:modified_time\" content=\"2024-09-21T00:50:05+00:00\" \/>\n<meta name=\"twitter:card\" content=\"summary_large_image\" \/>\n<meta name=\"twitter:label1\" content=\"Est. reading time\" \/>\n\t<meta name=\"twitter:data1\" content=\"2 minutes\" \/>\n<script type=\"application\/ld+json\" class=\"yoast-schema-graph\">{\"@context\":\"https:\/\/schema.org\",\"@graph\":[{\"@type\":\"WebPage\",\"@id\":\"https:\/\/c2skykitecenter.com\/vi\/vietnam-airport-transfer-2\/\",\"url\":\"https:\/\/c2skykitecenter.com\/vi\/vietnam-airport-transfer-2\/\",\"name\":\"D\u1ecbch V\u1ee5 \u0110\u01b0a \u0110\u00f3n S\u00e2n Bay (Vietnamese) - C2Sky Kitesurfing School &amp; Rentals - Mui Ne, Vietnam\",\"isPartOf\":{\"@id\":\"https:\/\/c2skykitecenter.com\/vi\/#website\"},\"datePublished\":\"2024-08-06T12:58:27+00:00\",\"dateModified\":\"2024-09-21T00:50:05+00:00\",\"breadcrumb\":{\"@id\":\"https:\/\/c2skykitecenter.com\/vi\/vietnam-airport-transfer-2\/#breadcrumb\"},\"inLanguage\":\"vi-VN\",\"potentialAction\":[{\"@type\":\"ReadAction\",\"target\":[\"https:\/\/c2skykitecenter.com\/vi\/vietnam-airport-transfer-2\/\"]}]},{\"@type\":\"BreadcrumbList\",\"@id\":\"https:\/\/c2skykitecenter.com\/vi\/vietnam-airport-transfer-2\/#breadcrumb\",\"itemListElement\":[{\"@type\":\"ListItem\",\"position\":1,\"name\":\"Home\",\"item\":\"https:\/\/c2skykitecenter.com\/vi\/home-vi\/\"},{\"@type\":\"ListItem\",\"position\":2,\"name\":\"D\u1ecbch V\u1ee5 \u0110\u01b0a \u0110\u00f3n S\u00e2n Bay (Vietnamese)\"}]},{\"@type\":\"WebSite\",\"@id\":\"https:\/\/c2skykitecenter.com\/vi\/#website\",\"url\":\"https:\/\/c2skykitecenter.com\/vi\/\",\"name\":\"C2Sky Kitesurfing School & Rentals - Mui Ne, Vietnam\",\"description\":\"Discover C2Sky Kiteschool in Mui Ne, Vietnam, offering expert kitesurfing lessons, equipment rentals, and storage. Enjoy our comprehensive services, including airport transfers and local tours. Perfect for beginners and advanced kitesurfers\",\"publisher\":{\"@id\":\"https:\/\/c2skykitecenter.com\/vi\/#organization\"},\"potentialAction\":[{\"@type\":\"SearchAction\",\"target\":{\"@type\":\"EntryPoint\",\"urlTemplate\":\"https:\/\/c2skykitecenter.com\/vi\/?s={search_term_string}\"},\"query-input\":{\"@type\":\"PropertyValueSpecification\",\"valueRequired\":true,\"valueName\":\"search_term_string\"}}],\"inLanguage\":\"vi-VN\"},{\"@type\":\"Organization\",\"@id\":\"https:\/\/c2skykitecenter.com\/vi\/#organization\",\"name\":\"C2Sky Kitesurfing School & Rentals - Mui Ne, Vietnam\",\"url\":\"https:\/\/c2skykitecenter.com\/vi\/\",\"logo\":{\"@type\":\"ImageObject\",\"inLanguage\":\"vi-VN\",\"@id\":\"https:\/\/c2skykitecenter.com\/vi\/#\/schema\/logo\/image\/\",\"url\":\"https:\/\/c2skykitecenter.com\/wp-content\/uploads\/2024\/08\/c2sky-logo-01-ret-4h.png\",\"contentUrl\":\"https:\/\/c2skykitecenter.com\/wp-content\/uploads\/2024\/08\/c2sky-logo-01-ret-4h.png\",\"width\":310,\"height\":112,\"caption\":\"C2Sky Kitesurfing School & Rentals - Mui Ne, Vietnam\"},\"image\":{\"@id\":\"https:\/\/c2skykitecenter.com\/vi\/#\/schema\/logo\/image\/\"},\"sameAs\":[\"https:\/\/www.facebook.com\/C2Sky.KiteCenter\/\",\"https:\/\/www.instagram.com\/kitesurf.c2sky\/\"]}]}<\/script>\n<!-- \/ Yoast SEO plugin. -->","yoast_head_json":{"title":"D\u1ecbch V\u1ee5 \u0110\u01b0a \u0110\u00f3n S\u00e2n Bay (Vietnamese) - C2Sky Kitesurfing School &amp; Rentals - Mui Ne, Vietnam","robots":{"index":"index","follow":"follow","max-snippet":"max-snippet:-1","max-image-preview":"max-image-preview:large","max-video-preview":"max-video-preview:-1"},"canonical":"https:\/\/c2skykitecenter.com\/vi\/vietnam-airport-transfer-2\/","og_locale":"vi_VN","og_type":"article","og_title":"D\u1ecbch V\u1ee5 \u0110\u01b0a \u0110\u00f3n S\u00e2n Bay (Vietnamese) - C2Sky Kitesurfing School &amp; Rentals - Mui Ne, Vietnam","og_description":"D\u1ecbch V\u1ee5 \u0110\u01b0a \u0110\u00f3n S\u00e2n Bay D\u1ecbch V\u1ee5 \u0110\u01b0a \u0110&oacute;n S&acirc;n Bay CHUY\u1ebeN \u0110I M\u1ed8T CHI\u1ec0U $85\u00a0 H\u1ed2 CH\u00cd MINH ... Read More","og_url":"https:\/\/c2skykitecenter.com\/vi\/vietnam-airport-transfer-2\/","og_site_name":"C2Sky Kitesurfing School &amp; Rentals - Mui Ne, Vietnam","article_publisher":"https:\/\/www.facebook.com\/C2Sky.KiteCenter\/","article_modified_time":"2024-09-21T00:50:05+00:00","twitter_card":"summary_large_image","twitter_misc":{"Est. reading time":"2 minutes"},"schema":{"@context":"https:\/\/schema.org","@graph":[{"@type":"WebPage","@id":"https:\/\/c2skykitecenter.com\/vi\/vietnam-airport-transfer-2\/","url":"https:\/\/c2skykitecenter.com\/vi\/vietnam-airport-transfer-2\/","name":"D\u1ecbch V\u1ee5 \u0110\u01b0a \u0110\u00f3n S\u00e2n Bay (Vietnamese) - C2Sky Kitesurfing School &amp; Rentals - Mui Ne, Vietnam","isPartOf":{"@id":"https:\/\/c2skykitecenter.com\/vi\/#website"},"datePublished":"2024-08-06T12:58:27+00:00","dateModified":"2024-09-21T00:50:05+00:00","breadcrumb":{"@id":"https:\/\/c2skykitecenter.com\/vi\/vietnam-airport-transfer-2\/#breadcrumb"},"inLanguage":"vi-VN","potentialAction":[{"@type":"ReadAction","target":["https:\/\/c2skykitecenter.com\/vi\/vietnam-airport-transfer-2\/"]}]},{"@type":"BreadcrumbList","@id":"https:\/\/c2skykitecenter.com\/vi\/vietnam-airport-transfer-2\/#breadcrumb","itemListElement":[{"@type":"ListItem","position":1,"name":"Home","item":"https:\/\/c2skykitecenter.com\/vi\/home-vi\/"},{"@type":"ListItem","position":2,"name":"D\u1ecbch V\u1ee5 \u0110\u01b0a \u0110\u00f3n S\u00e2n Bay (Vietnamese)"}]},{"@type":"WebSite","@id":"https:\/\/c2skykitecenter.com\/vi\/#website","url":"https:\/\/c2skykitecenter.com\/vi\/","name":"C2Sky Kitesurfing School & Rentals - Mui Ne, Vietnam","description":"Discover C2Sky Kiteschool in Mui Ne, Vietnam, offering expert kitesurfing lessons, equipment rentals, and storage. Enjoy our comprehensive services, including airport transfers and local tours. Perfect for beginners and advanced kitesurfers","publisher":{"@id":"https:\/\/c2skykitecenter.com\/vi\/#organization"},"potentialAction":[{"@type":"SearchAction","target":{"@type":"EntryPoint","urlTemplate":"https:\/\/c2skykitecenter.com\/vi\/?s={search_term_string}"},"query-input":{"@type":"PropertyValueSpecification","valueRequired":true,"valueName":"search_term_string"}}],"inLanguage":"vi-VN"},{"@type":"Organization","@id":"https:\/\/c2skykitecenter.com\/vi\/#organization","name":"C2Sky Kitesurfing School & Rentals - Mui Ne, Vietnam","url":"https:\/\/c2skykitecenter.com\/vi\/","logo":{"@type":"ImageObject","inLanguage":"vi-VN","@id":"https:\/\/c2skykitecenter.com\/vi\/#\/schema\/logo\/image\/","url":"https:\/\/c2skykitecenter.com\/wp-content\/uploads\/2024\/08\/c2sky-logo-01-ret-4h.png","contentUrl":"https:\/\/c2skykitecenter.com\/wp-content\/uploads\/2024\/08\/c2sky-logo-01-ret-4h.png","width":310,"height":112,"caption":"C2Sky Kitesurfing School & Rentals - Mui Ne, Vietnam"},"image":{"@id":"https:\/\/c2skykitecenter.com\/vi\/#\/schema\/logo\/image\/"},"sameAs":["https:\/\/www.facebook.com\/C2Sky.KiteCenter\/","https:\/\/www.instagram.com\/kitesurf.c2sky\/"]}]}},"_links":{"self":[{"href":"https:\/\/c2skykitecenter.com\/vi\/wp-json\/wp\/v2\/pages\/1650","targetHints":{"allow":["GET"]}}],"collection":[{"href":"https:\/\/c2skykitecenter.com\/vi\/wp-json\/wp\/v2\/pages"}],"about":[{"href":"https:\/\/c2skykitecenter.com\/vi\/wp-json\/wp\/v2\/types\/page"}],"author":[{"embeddable":true,"href":"https:\/\/c2skykitecenter.com\/vi\/wp-json\/wp\/v2\/users\/2"}],"replies":[{"embeddable":true,"href":"https:\/\/c2skykitecenter.com\/vi\/wp-json\/wp\/v2\/comments?post=1650"}],"version-history":[{"count":0,"href":"https:\/\/c2skykitecenter.com\/vi\/wp-json\/wp\/v2\/pages\/1650\/revisions"}],"wp:attachment":[{"href":"https:\/\/c2skykitecenter.com\/vi\/wp-json\/wp\/v2\/media?parent=1650"}],"curies":[{"name":"wp","href":"https:\/\/api.w.org\/{rel}","templated":true}]}}