{"id":4309,"date":"2024-08-03T13:31:25","date_gmt":"2024-08-03T13:31:25","guid":{"rendered":"https:\/\/c2skykitecenter.com\/kitesurf-lessons-pl\/"},"modified":"2024-09-29T04:14:05","modified_gmt":"2024-09-29T04:14:05","slug":"vietnam-kitesurf-lessons-2","status":"publish","type":"page","link":"https:\/\/c2skykitecenter.com\/pl\/vietnam-kitesurf-lessons-2\/","title":{"rendered":"Lekcje Kitesurfingu Kitesurf Lessons (pl)"},"content":{"rendered":"<div id=\"cs-content\" class=\"cs-content\"><\/div>\n","protected":false},"excerpt":{"rendered":"<p>Lekcje Kitesurfingu Pocz\u0105tkuj\u0105cych Prywatne 1:1 &#x25b8;18 godz. PRAWDZIWA OKAZJA $950 8 &#8211; 9 Dni (1:1 Nauczanie) Czego si\u0119 nauczysz: \u00a0 &#8230; <\/p>\n<div><a href=\"https:\/\/c2skykitecenter.com\/pl\/vietnam-kitesurf-lessons-2\/\" class=\"more-link\">Read More<\/a><\/div>\n","protected":false},"author":2,"featured_media":0,"parent":0,"menu_order":0,"comment_status":"closed","ping_status":"closed","template":"template-blank-4.php","meta":{"footnotes":""},"class_list":["post-4309","page","type-page","status-publish","hentry","no-post-thumbnail"],"yoast_head":"<!-- This site is optimized with the Yoast SEO plugin v27.2 - https:\/\/yoast.com\/product\/yoast-seo-wordpress\/ -->\n<title>Lekcje Kitesurfingu Kitesurf Lessons (pl) - C2Sky Kitesurfing School &amp; Rentals - Mui Ne, Vietnam<\/title>\n<meta name=\"robots\" content=\"index, follow, max-snippet:-1, max-image-preview:large, max-video-preview:-1\" \/>\n<link rel=\"canonical\" href=\"https:\/\/c2skykitecenter.com\/pl\/vietnam-kitesurf-lessons-2\/\" \/>\n<meta property=\"og:locale\" content=\"pl_PL\" \/>\n<meta property=\"og:type\" content=\"article\" \/>\n<meta property=\"og:title\" content=\"Lekcje Kitesurfingu Kitesurf Lessons (pl) - C2Sky Kitesurfing School &amp; Rentals - Mui Ne, Vietnam\" \/>\n<meta property=\"og:description\" content=\"Lekcje Kitesurfingu Pocz\u0105tkuj\u0105cych Prywatne 1:1 &#x25b8;18 godz. PRAWDZIWA OKAZJA $950 8 - 9 Dni (1:1 Nauczanie) Czego si\u0119 nauczysz: \u00a0 ... Read More\" \/>\n<meta property=\"og:url\" content=\"https:\/\/c2skykitecenter.com\/pl\/vietnam-kitesurf-lessons-2\/\" \/>\n<meta property=\"og:site_name\" content=\"C2Sky Kitesurfing School &amp; Rentals - Mui Ne, Vietnam\" \/>\n<meta property=\"article:publisher\" content=\"https:\/\/www.facebook.com\/C2Sky.KiteCenter\/\" \/>\n<meta property=\"article:modified_time\" content=\"2024-09-29T04:14:05+00:00\" \/>\n<meta name=\"twitter:card\" content=\"summary_large_image\" \/>\n<meta name=\"twitter:label1\" content=\"Szacowany czas czytania\" \/>\n\t<meta name=\"twitter:data1\" content=\"2 minuty\" \/>\n<script type=\"application\/ld+json\" class=\"yoast-schema-graph\">{\"@context\":\"https:\/\/schema.org\",\"@graph\":[{\"@type\":\"WebPage\",\"@id\":\"https:\/\/c2skykitecenter.com\/pl\/vietnam-kitesurf-lessons-2\/\",\"url\":\"https:\/\/c2skykitecenter.com\/pl\/vietnam-kitesurf-lessons-2\/\",\"name\":\"Lekcje Kitesurfingu Kitesurf Lessons (pl) - C2Sky Kitesurfing School &amp; Rentals - Mui Ne, Vietnam\",\"isPartOf\":{\"@id\":\"https:\/\/c2skykitecenter.com\/pl\/#website\"},\"datePublished\":\"2024-08-03T13:31:25+00:00\",\"dateModified\":\"2024-09-29T04:14:05+00:00\",\"breadcrumb\":{\"@id\":\"https:\/\/c2skykitecenter.com\/pl\/vietnam-kitesurf-lessons-2\/#breadcrumb\"},\"inLanguage\":\"pl-PL\",\"potentialAction\":[{\"@type\":\"ReadAction\",\"target\":[\"https:\/\/c2skykitecenter.com\/pl\/vietnam-kitesurf-lessons-2\/\"]}]},{\"@type\":\"BreadcrumbList\",\"@id\":\"https:\/\/c2skykitecenter.com\/pl\/vietnam-kitesurf-lessons-2\/#breadcrumb\",\"itemListElement\":[{\"@type\":\"ListItem\",\"position\":1,\"name\":\"Home\",\"item\":\"https:\/\/c2skykitecenter.com\/pl\/home-2\/\"},{\"@type\":\"ListItem\",\"position\":2,\"name\":\"Lekcje Kitesurfingu Kitesurf Lessons (pl)\"}]},{\"@type\":\"WebSite\",\"@id\":\"https:\/\/c2skykitecenter.com\/pl\/#website\",\"url\":\"https:\/\/c2skykitecenter.com\/pl\/\",\"name\":\"C2Sky Kitesurfing School & Rentals - Mui Ne, Vietnam\",\"description\":\"Discover C2Sky Kiteschool in Mui Ne, Vietnam, offering expert kitesurfing lessons, equipment rentals, and storage. Enjoy our comprehensive services, including airport transfers and local tours. Perfect for beginners and advanced kitesurfers\",\"publisher\":{\"@id\":\"https:\/\/c2skykitecenter.com\/pl\/#organization\"},\"potentialAction\":[{\"@type\":\"SearchAction\",\"target\":{\"@type\":\"EntryPoint\",\"urlTemplate\":\"https:\/\/c2skykitecenter.com\/pl\/?s={search_term_string}\"},\"query-input\":{\"@type\":\"PropertyValueSpecification\",\"valueRequired\":true,\"valueName\":\"search_term_string\"}}],\"inLanguage\":\"pl-PL\"},{\"@type\":\"Organization\",\"@id\":\"https:\/\/c2skykitecenter.com\/pl\/#organization\",\"name\":\"C2Sky Kitesurfing School & Rentals - Mui Ne, Vietnam\",\"url\":\"https:\/\/c2skykitecenter.com\/pl\/\",\"logo\":{\"@type\":\"ImageObject\",\"inLanguage\":\"pl-PL\",\"@id\":\"https:\/\/c2skykitecenter.com\/pl\/#\/schema\/logo\/image\/\",\"url\":\"https:\/\/c2skykitecenter.com\/wp-content\/uploads\/2024\/08\/c2sky-logo-01-ret-4h.png\",\"contentUrl\":\"https:\/\/c2skykitecenter.com\/wp-content\/uploads\/2024\/08\/c2sky-logo-01-ret-4h.png\",\"width\":310,\"height\":112,\"caption\":\"C2Sky Kitesurfing School & Rentals - Mui Ne, Vietnam\"},\"image\":{\"@id\":\"https:\/\/c2skykitecenter.com\/pl\/#\/schema\/logo\/image\/\"},\"sameAs\":[\"https:\/\/www.facebook.com\/C2Sky.KiteCenter\/\",\"https:\/\/www.instagram.com\/kitesurf.c2sky\/\"]}]}<\/script>\n<!-- \/ Yoast SEO plugin. -->","yoast_head_json":{"title":"Lekcje Kitesurfingu Kitesurf Lessons (pl) - C2Sky Kitesurfing School &amp; Rentals - Mui Ne, Vietnam","robots":{"index":"index","follow":"follow","max-snippet":"max-snippet:-1","max-image-preview":"max-image-preview:large","max-video-preview":"max-video-preview:-1"},"canonical":"https:\/\/c2skykitecenter.com\/pl\/vietnam-kitesurf-lessons-2\/","og_locale":"pl_PL","og_type":"article","og_title":"Lekcje Kitesurfingu Kitesurf Lessons (pl) - C2Sky Kitesurfing School &amp; Rentals - Mui Ne, Vietnam","og_description":"Lekcje Kitesurfingu Pocz\u0105tkuj\u0105cych Prywatne 1:1 &#x25b8;18 godz. PRAWDZIWA OKAZJA $950 8 - 9 Dni (1:1 Nauczanie) Czego si\u0119 nauczysz: \u00a0 ... Read More","og_url":"https:\/\/c2skykitecenter.com\/pl\/vietnam-kitesurf-lessons-2\/","og_site_name":"C2Sky Kitesurfing School &amp; Rentals - Mui Ne, Vietnam","article_publisher":"https:\/\/www.facebook.com\/C2Sky.KiteCenter\/","article_modified_time":"2024-09-29T04:14:05+00:00","twitter_card":"summary_large_image","twitter_misc":{"Szacowany czas czytania":"2 minuty"},"schema":{"@context":"https:\/\/schema.org","@graph":[{"@type":"WebPage","@id":"https:\/\/c2skykitecenter.com\/pl\/vietnam-kitesurf-lessons-2\/","url":"https:\/\/c2skykitecenter.com\/pl\/vietnam-kitesurf-lessons-2\/","name":"Lekcje Kitesurfingu Kitesurf Lessons (pl) - C2Sky Kitesurfing School &amp; Rentals - Mui Ne, Vietnam","isPartOf":{"@id":"https:\/\/c2skykitecenter.com\/pl\/#website"},"datePublished":"2024-08-03T13:31:25+00:00","dateModified":"2024-09-29T04:14:05+00:00","breadcrumb":{"@id":"https:\/\/c2skykitecenter.com\/pl\/vietnam-kitesurf-lessons-2\/#breadcrumb"},"inLanguage":"pl-PL","potentialAction":[{"@type":"ReadAction","target":["https:\/\/c2skykitecenter.com\/pl\/vietnam-kitesurf-lessons-2\/"]}]},{"@type":"BreadcrumbList","@id":"https:\/\/c2skykitecenter.com\/pl\/vietnam-kitesurf-lessons-2\/#breadcrumb","itemListElement":[{"@type":"ListItem","position":1,"name":"Home","item":"https:\/\/c2skykitecenter.com\/pl\/home-2\/"},{"@type":"ListItem","position":2,"name":"Lekcje Kitesurfingu Kitesurf Lessons (pl)"}]},{"@type":"WebSite","@id":"https:\/\/c2skykitecenter.com\/pl\/#website","url":"https:\/\/c2skykitecenter.com\/pl\/","name":"C2Sky Kitesurfing School & Rentals - Mui Ne, Vietnam","description":"Discover C2Sky Kiteschool in Mui Ne, Vietnam, offering expert kitesurfing lessons, equipment rentals, and storage. Enjoy our comprehensive services, including airport transfers and local tours. Perfect for beginners and advanced kitesurfers","publisher":{"@id":"https:\/\/c2skykitecenter.com\/pl\/#organization"},"potentialAction":[{"@type":"SearchAction","target":{"@type":"EntryPoint","urlTemplate":"https:\/\/c2skykitecenter.com\/pl\/?s={search_term_string}"},"query-input":{"@type":"PropertyValueSpecification","valueRequired":true,"valueName":"search_term_string"}}],"inLanguage":"pl-PL"},{"@type":"Organization","@id":"https:\/\/c2skykitecenter.com\/pl\/#organization","name":"C2Sky Kitesurfing School & Rentals - Mui Ne, Vietnam","url":"https:\/\/c2skykitecenter.com\/pl\/","logo":{"@type":"ImageObject","inLanguage":"pl-PL","@id":"https:\/\/c2skykitecenter.com\/pl\/#\/schema\/logo\/image\/","url":"https:\/\/c2skykitecenter.com\/wp-content\/uploads\/2024\/08\/c2sky-logo-01-ret-4h.png","contentUrl":"https:\/\/c2skykitecenter.com\/wp-content\/uploads\/2024\/08\/c2sky-logo-01-ret-4h.png","width":310,"height":112,"caption":"C2Sky Kitesurfing School & Rentals - Mui Ne, Vietnam"},"image":{"@id":"https:\/\/c2skykitecenter.com\/pl\/#\/schema\/logo\/image\/"},"sameAs":["https:\/\/www.facebook.com\/C2Sky.KiteCenter\/","https:\/\/www.instagram.com\/kitesurf.c2sky\/"]}]}},"_links":{"self":[{"href":"https:\/\/c2skykitecenter.com\/pl\/wp-json\/wp\/v2\/pages\/4309","targetHints":{"allow":["GET"]}}],"collection":[{"href":"https:\/\/c2skykitecenter.com\/pl\/wp-json\/wp\/v2\/pages"}],"about":[{"href":"https:\/\/c2skykitecenter.com\/pl\/wp-json\/wp\/v2\/types\/page"}],"author":[{"embeddable":true,"href":"https:\/\/c2skykitecenter.com\/pl\/wp-json\/wp\/v2\/users\/2"}],"replies":[{"embeddable":true,"href":"https:\/\/c2skykitecenter.com\/pl\/wp-json\/wp\/v2\/comments?post=4309"}],"version-history":[{"count":0,"href":"https:\/\/c2skykitecenter.com\/pl\/wp-json\/wp\/v2\/pages\/4309\/revisions"}],"wp:attachment":[{"href":"https:\/\/c2skykitecenter.com\/pl\/wp-json\/wp\/v2\/media?parent=4309"}],"curies":[{"name":"wp","href":"https:\/\/api.w.org\/{rel}","templated":true}]}}