{"id":2868,"date":"2024-08-07T21:42:02","date_gmt":"2024-08-07T21:42:02","guid":{"rendered":"https:\/\/c2skykitecenter.com\/equipe-allemand\/"},"modified":"2024-09-22T12:45:24","modified_gmt":"2024-09-22T12:45:24","slug":"equipe-allemand","status":"publish","type":"page","link":"https:\/\/c2skykitecenter.com\/fr\/equipe-allemand\/","title":{"rendered":"\u00c9quipe (allemand)"},"content":{"rendered":"<div id=\"cs-content\" class=\"cs-content\"><\/div>\n","protected":false},"excerpt":{"rendered":"<p>C2Sky Team Liz Kaiser Gr\u00fcnderin \/ Cheftrainerin:\u00a0IKO Stufe 2 #3997Mag: G\u00e4rtnern, Spazierg\u00e4nge mit meinen Hunden, Leckereien aus der Heimat genie\u00dfen.Mag &#8230; <\/p>\n<div><a href=\"https:\/\/c2skykitecenter.com\/fr\/equipe-allemand\/\" class=\"more-link\">Read More<\/a><\/div>\n","protected":false},"author":1,"featured_media":0,"parent":0,"menu_order":0,"comment_status":"closed","ping_status":"closed","template":"template-blank-4.php","meta":{"footnotes":""},"class_list":["post-2868","page","type-page","status-publish","hentry","no-post-thumbnail"],"yoast_head":"<!-- This site is optimized with the Yoast SEO plugin v27.2 - https:\/\/yoast.com\/product\/yoast-seo-wordpress\/ -->\n<title>\u00c9quipe (allemand) - C2Sky Kitesurfing School &amp; Rentals - Mui Ne, Vietnam<\/title>\n<meta name=\"robots\" content=\"index, follow, max-snippet:-1, max-image-preview:large, max-video-preview:-1\" \/>\n<link rel=\"canonical\" href=\"https:\/\/c2skykitecenter.com\/fr\/equipe-allemand\/\" \/>\n<meta property=\"og:locale\" content=\"fr_FR\" \/>\n<meta property=\"og:type\" content=\"article\" \/>\n<meta property=\"og:title\" content=\"\u00c9quipe (allemand) - C2Sky Kitesurfing School &amp; Rentals - Mui Ne, Vietnam\" \/>\n<meta property=\"og:description\" content=\"C2Sky Team Liz Kaiser Gr\u00fcnderin \/ Cheftrainerin:\u00a0IKO Stufe 2 #3997Mag: G\u00e4rtnern, Spazierg\u00e4nge mit meinen Hunden, Leckereien aus der Heimat genie\u00dfen.Mag ... Read More\" \/>\n<meta property=\"og:url\" content=\"https:\/\/c2skykitecenter.com\/fr\/equipe-allemand\/\" \/>\n<meta property=\"og:site_name\" content=\"C2Sky Kitesurfing School &amp; Rentals - Mui Ne, Vietnam\" \/>\n<meta property=\"article:publisher\" content=\"https:\/\/www.facebook.com\/C2Sky.KiteCenter\/\" \/>\n<meta property=\"article:modified_time\" content=\"2024-09-22T12:45:24+00:00\" \/>\n<meta name=\"twitter:card\" content=\"summary_large_image\" \/>\n<meta name=\"twitter:label1\" content=\"Dur\u00e9e de lecture estim\u00e9e\" \/>\n\t<meta name=\"twitter:data1\" content=\"7 minutes\" \/>\n<script type=\"application\/ld+json\" class=\"yoast-schema-graph\">{\"@context\":\"https:\/\/schema.org\",\"@graph\":[{\"@type\":\"WebPage\",\"@id\":\"https:\/\/c2skykitecenter.com\/fr\/equipe-allemand\/\",\"url\":\"https:\/\/c2skykitecenter.com\/fr\/equipe-allemand\/\",\"name\":\"\u00c9quipe (allemand) - C2Sky Kitesurfing School &amp; Rentals - Mui Ne, Vietnam\",\"isPartOf\":{\"@id\":\"https:\/\/c2skykitecenter.com\/fr\/#website\"},\"datePublished\":\"2024-08-07T21:42:02+00:00\",\"dateModified\":\"2024-09-22T12:45:24+00:00\",\"breadcrumb\":{\"@id\":\"https:\/\/c2skykitecenter.com\/fr\/equipe-allemand\/#breadcrumb\"},\"inLanguage\":\"fr-FR\",\"potentialAction\":[{\"@type\":\"ReadAction\",\"target\":[\"https:\/\/c2skykitecenter.com\/fr\/equipe-allemand\/\"]}]},{\"@type\":\"BreadcrumbList\",\"@id\":\"https:\/\/c2skykitecenter.com\/fr\/equipe-allemand\/#breadcrumb\",\"itemListElement\":[{\"@type\":\"ListItem\",\"position\":1,\"name\":\"Home\",\"item\":\"https:\/\/c2skykitecenter.com\/fr\/home-2\/\"},{\"@type\":\"ListItem\",\"position\":2,\"name\":\"\u00c9quipe (allemand)\"}]},{\"@type\":\"WebSite\",\"@id\":\"https:\/\/c2skykitecenter.com\/fr\/#website\",\"url\":\"https:\/\/c2skykitecenter.com\/fr\/\",\"name\":\"C2Sky Kitesurfing School & Rentals - Mui Ne, Vietnam\",\"description\":\"Discover C2Sky Kiteschool in Mui Ne, Vietnam, offering expert kitesurfing lessons, equipment rentals, and storage. Enjoy our comprehensive services, including airport transfers and local tours. Perfect for beginners and advanced kitesurfers\",\"publisher\":{\"@id\":\"https:\/\/c2skykitecenter.com\/fr\/#organization\"},\"potentialAction\":[{\"@type\":\"SearchAction\",\"target\":{\"@type\":\"EntryPoint\",\"urlTemplate\":\"https:\/\/c2skykitecenter.com\/fr\/?s={search_term_string}\"},\"query-input\":{\"@type\":\"PropertyValueSpecification\",\"valueRequired\":true,\"valueName\":\"search_term_string\"}}],\"inLanguage\":\"fr-FR\"},{\"@type\":\"Organization\",\"@id\":\"https:\/\/c2skykitecenter.com\/fr\/#organization\",\"name\":\"C2Sky Kitesurfing School & Rentals - Mui Ne, Vietnam\",\"url\":\"https:\/\/c2skykitecenter.com\/fr\/\",\"logo\":{\"@type\":\"ImageObject\",\"inLanguage\":\"fr-FR\",\"@id\":\"https:\/\/c2skykitecenter.com\/fr\/#\/schema\/logo\/image\/\",\"url\":\"https:\/\/c2skykitecenter.com\/wp-content\/uploads\/2024\/08\/c2sky-logo-01-ret-4h.png\",\"contentUrl\":\"https:\/\/c2skykitecenter.com\/wp-content\/uploads\/2024\/08\/c2sky-logo-01-ret-4h.png\",\"width\":310,\"height\":112,\"caption\":\"C2Sky Kitesurfing School & Rentals - Mui Ne, Vietnam\"},\"image\":{\"@id\":\"https:\/\/c2skykitecenter.com\/fr\/#\/schema\/logo\/image\/\"},\"sameAs\":[\"https:\/\/www.facebook.com\/C2Sky.KiteCenter\/\",\"https:\/\/www.instagram.com\/kitesurf.c2sky\/\"]}]}<\/script>\n<!-- \/ Yoast SEO plugin. -->","yoast_head_json":{"title":"\u00c9quipe (allemand) - C2Sky Kitesurfing School &amp; Rentals - Mui Ne, Vietnam","robots":{"index":"index","follow":"follow","max-snippet":"max-snippet:-1","max-image-preview":"max-image-preview:large","max-video-preview":"max-video-preview:-1"},"canonical":"https:\/\/c2skykitecenter.com\/fr\/equipe-allemand\/","og_locale":"fr_FR","og_type":"article","og_title":"\u00c9quipe (allemand) - C2Sky Kitesurfing School &amp; Rentals - Mui Ne, Vietnam","og_description":"C2Sky Team Liz Kaiser Gr\u00fcnderin \/ Cheftrainerin:\u00a0IKO Stufe 2 #3997Mag: G\u00e4rtnern, Spazierg\u00e4nge mit meinen Hunden, Leckereien aus der Heimat genie\u00dfen.Mag ... Read More","og_url":"https:\/\/c2skykitecenter.com\/fr\/equipe-allemand\/","og_site_name":"C2Sky Kitesurfing School &amp; Rentals - Mui Ne, Vietnam","article_publisher":"https:\/\/www.facebook.com\/C2Sky.KiteCenter\/","article_modified_time":"2024-09-22T12:45:24+00:00","twitter_card":"summary_large_image","twitter_misc":{"Dur\u00e9e de lecture estim\u00e9e":"7 minutes"},"schema":{"@context":"https:\/\/schema.org","@graph":[{"@type":"WebPage","@id":"https:\/\/c2skykitecenter.com\/fr\/equipe-allemand\/","url":"https:\/\/c2skykitecenter.com\/fr\/equipe-allemand\/","name":"\u00c9quipe (allemand) - C2Sky Kitesurfing School &amp; Rentals - Mui Ne, Vietnam","isPartOf":{"@id":"https:\/\/c2skykitecenter.com\/fr\/#website"},"datePublished":"2024-08-07T21:42:02+00:00","dateModified":"2024-09-22T12:45:24+00:00","breadcrumb":{"@id":"https:\/\/c2skykitecenter.com\/fr\/equipe-allemand\/#breadcrumb"},"inLanguage":"fr-FR","potentialAction":[{"@type":"ReadAction","target":["https:\/\/c2skykitecenter.com\/fr\/equipe-allemand\/"]}]},{"@type":"BreadcrumbList","@id":"https:\/\/c2skykitecenter.com\/fr\/equipe-allemand\/#breadcrumb","itemListElement":[{"@type":"ListItem","position":1,"name":"Home","item":"https:\/\/c2skykitecenter.com\/fr\/home-2\/"},{"@type":"ListItem","position":2,"name":"\u00c9quipe (allemand)"}]},{"@type":"WebSite","@id":"https:\/\/c2skykitecenter.com\/fr\/#website","url":"https:\/\/c2skykitecenter.com\/fr\/","name":"C2Sky Kitesurfing School & Rentals - Mui Ne, Vietnam","description":"Discover C2Sky Kiteschool in Mui Ne, Vietnam, offering expert kitesurfing lessons, equipment rentals, and storage. Enjoy our comprehensive services, including airport transfers and local tours. Perfect for beginners and advanced kitesurfers","publisher":{"@id":"https:\/\/c2skykitecenter.com\/fr\/#organization"},"potentialAction":[{"@type":"SearchAction","target":{"@type":"EntryPoint","urlTemplate":"https:\/\/c2skykitecenter.com\/fr\/?s={search_term_string}"},"query-input":{"@type":"PropertyValueSpecification","valueRequired":true,"valueName":"search_term_string"}}],"inLanguage":"fr-FR"},{"@type":"Organization","@id":"https:\/\/c2skykitecenter.com\/fr\/#organization","name":"C2Sky Kitesurfing School & Rentals - Mui Ne, Vietnam","url":"https:\/\/c2skykitecenter.com\/fr\/","logo":{"@type":"ImageObject","inLanguage":"fr-FR","@id":"https:\/\/c2skykitecenter.com\/fr\/#\/schema\/logo\/image\/","url":"https:\/\/c2skykitecenter.com\/wp-content\/uploads\/2024\/08\/c2sky-logo-01-ret-4h.png","contentUrl":"https:\/\/c2skykitecenter.com\/wp-content\/uploads\/2024\/08\/c2sky-logo-01-ret-4h.png","width":310,"height":112,"caption":"C2Sky Kitesurfing School & Rentals - Mui Ne, Vietnam"},"image":{"@id":"https:\/\/c2skykitecenter.com\/fr\/#\/schema\/logo\/image\/"},"sameAs":["https:\/\/www.facebook.com\/C2Sky.KiteCenter\/","https:\/\/www.instagram.com\/kitesurf.c2sky\/"]}]}},"_links":{"self":[{"href":"https:\/\/c2skykitecenter.com\/fr\/wp-json\/wp\/v2\/pages\/2868","targetHints":{"allow":["GET"]}}],"collection":[{"href":"https:\/\/c2skykitecenter.com\/fr\/wp-json\/wp\/v2\/pages"}],"about":[{"href":"https:\/\/c2skykitecenter.com\/fr\/wp-json\/wp\/v2\/types\/page"}],"author":[{"embeddable":true,"href":"https:\/\/c2skykitecenter.com\/fr\/wp-json\/wp\/v2\/users\/1"}],"replies":[{"embeddable":true,"href":"https:\/\/c2skykitecenter.com\/fr\/wp-json\/wp\/v2\/comments?post=2868"}],"version-history":[{"count":0,"href":"https:\/\/c2skykitecenter.com\/fr\/wp-json\/wp\/v2\/pages\/2868\/revisions"}],"wp:attachment":[{"href":"https:\/\/c2skykitecenter.com\/fr\/wp-json\/wp\/v2\/media?parent=2868"}],"curies":[{"name":"wp","href":"https:\/\/api.w.org\/{rel}","templated":true}]}}